{"id":13233,"date":"2024-09-02T12:15:08","date_gmt":"2024-09-02T12:15:08","guid":{"rendered":"https:\/\/yourfincamallorca.com\/por-que-your-finca-mallorca\/"},"modified":"2025-07-02T10:03:50","modified_gmt":"2025-07-02T10:03:50","slug":"por-que-your-finca-mallorca","status":"publish","type":"page","link":"https:\/\/yourfincamallorca.com\/es\/por-que-your-finca-mallorca\/","title":{"rendered":"Por qu\u00e9 Your Finca Mallorca"},"content":{"rendered":"\t\t<div data-elementor-type=\"wp-page\" data-elementor-id=\"13233\" class=\"elementor elementor-13233 elementor-2295\" data-elementor-post-type=\"page\">\n\t\t\t\t<div class=\"elementor-element elementor-element-c185e85 e-flex e-con-boxed e-con e-parent\" data-id=\"c185e85\" data-element_type=\"container\" data-e-type=\"container\" data-settings=\"{&quot;background_background&quot;:&quot;classic&quot;}\">\n\t\t\t\t\t<div class=\"e-con-inner\">\n\t\t<div class=\"elementor-element elementor-element-de73c78 e-con-full e-flex e-con e-child\" data-id=\"de73c78\" data-element_type=\"container\" data-e-type=\"container\">\n\t\t\t\t<div class=\"elementor-element elementor-element-297e560 elementor-invisible elementor-widget elementor-widget-heading\" data-id=\"297e560\" data-element_type=\"widget\" data-e-type=\"widget\" data-settings=\"{&quot;_animation&quot;:&quot;fadeIn&quot;}\" data-widget_type=\"heading.default\">\n\t\t\t\t<div class=\"elementor-widget-container\">\n\t\t\t\t\t<h1 class=\"elementor-heading-title elementor-size-default\">Por qu\u00e9 Your Finca Mallorca<\/h1>\t\t\t\t<\/div>\n\t\t\t\t<\/div>\n\t\t\t\t<div class=\"elementor-element elementor-element-a197ecb elementor-widget elementor-widget-heading\" data-id=\"a197ecb\" data-element_type=\"widget\" data-e-type=\"widget\" data-settings=\"{&quot;_animation&quot;:&quot;none&quot;}\" data-widget_type=\"heading.default\">\n\t\t\t\t<div class=\"elementor-widget-container\">\n\t\t\t\t\t<h2 class=\"elementor-heading-title elementor-size-default\">En Your Finca Mallorca, entendemos que tus vacaciones son un momento precioso, por lo que anteponemos el servicio personal.<\/h2>\t\t\t\t<\/div>\n\t\t\t\t<\/div>\n\t\t\t\t<div class=\"elementor-element elementor-element-4a95248 elementor-widget elementor-widget-heading\" data-id=\"4a95248\" data-element_type=\"widget\" data-e-type=\"widget\" data-widget_type=\"heading.default\">\n\t\t\t\t<div class=\"elementor-widget-container\">\n\t\t\t\t\t<p class=\"elementor-heading-title elementor-size-default\">Rutina matutina, fiambreras y prisas por entrar en el coche... Tu jefe te llama para ver si ya has organizado esa cosa.... Tres reuniones agotadoras m\u00e1s tarde y tu d\u00eda a\u00fan no ha empezado....\n\u00bfVuelve a llover? \u00bfQu\u00e9 vamos a comer esta noche? \u00bfY qui\u00e9n cocina esta noche?    \nTambi\u00e9n hay que ir a por comida. Por fin, los ni\u00f1os est\u00e1n en la cama despu\u00e9s de mucho luchar. Otro d\u00eda m\u00e1s.  <\/p>\t\t\t\t<\/div>\n\t\t\t\t<\/div>\n\t\t\t\t<div class=\"elementor-element elementor-element-03a527b elementor-widget elementor-widget-heading\" data-id=\"03a527b\" data-element_type=\"widget\" data-e-type=\"widget\" data-settings=\"{&quot;_animation&quot;:&quot;none&quot;}\" data-widget_type=\"heading.default\">\n\t\t\t\t<div class=\"elementor-widget-container\">\n\t\t\t\t\t<h2 class=\"elementor-heading-title elementor-size-default\">Disfruta de unas vacaciones sin preocupaciones en Mallorca<\/h2>\t\t\t\t<\/div>\n\t\t\t\t<\/div>\n\t\t\t\t<div class=\"elementor-element elementor-element-3b40b50 elementor-widget elementor-widget-heading\" data-id=\"3b40b50\" data-element_type=\"widget\" data-e-type=\"widget\" data-widget_type=\"heading.default\">\n\t\t\t\t<div class=\"elementor-widget-container\">\n\t\t\t\t\t<p class=\"elementor-heading-title elementor-size-default\">Lejos de la rutina diaria. Tumbonas al sol, junto al mar o en la piscina privada. Preferiblemente con una copa de buen vino y deliciosas tapas. Relajarse en un lugar precioso, lejos de las multitudes. Rel\u00e1jate y disfruta de la belleza que te rodea. Tiempo para todos y para cada uno.      \nEst\u00e1s listo para irte de vacaciones. Con tu familia, con tu pareja, con tus amigos o solo. Las hermosas playas y las aguas cristalinas del litoral, la deliciosa comida y bebida locales, la hermosa naturaleza, la rica cultura e historia y, adem\u00e1s, apta para ni\u00f1os. La elecci\u00f3n es Mallorca. Unas vacaciones sin preocupaciones, eso es lo que desea.     \nNosotros te ayudaremos a hacer realidad este plan ideal.<\/p>\t\t\t\t<\/div>\n\t\t\t\t<\/div>\n\t\t\t\t<\/div>\n\t\t\t\t\t<\/div>\n\t\t\t\t<\/div>\n\t\t<div class=\"elementor-element elementor-element-4a1b420 e-flex e-con-boxed e-con e-parent\" data-id=\"4a1b420\" data-element_type=\"container\" data-e-type=\"container\" data-settings=\"{&quot;background_background&quot;:&quot;classic&quot;}\">\n\t\t\t\t\t<div class=\"e-con-inner\">\n\t\t<div class=\"elementor-element elementor-element-d6808a4 e-con-full e-flex e-con e-child\" data-id=\"d6808a4\" data-element_type=\"container\" data-e-type=\"container\">\n\t\t\t\t<div class=\"elementor-element elementor-element-7d387dc elementor-invisible elementor-widget elementor-widget-heading\" data-id=\"7d387dc\" data-element_type=\"widget\" data-e-type=\"widget\" data-settings=\"{&quot;_animation&quot;:&quot;fadeInLeft&quot;}\" data-widget_type=\"heading.default\">\n\t\t\t\t<div class=\"elementor-widget-container\">\n\t\t\t\t\t<h2 class=\"elementor-heading-title elementor-size-default\">\u00bfPOR QU\u00c9 RESERVAR CON YOUR FINCA MALLORCA? <\/h2>\t\t\t\t<\/div>\n\t\t\t\t<\/div>\n\t\t\t\t<\/div>\n\t\t<div class=\"elementor-element elementor-element-903b667 e-con-full e-flex e-con e-child\" data-id=\"903b667\" data-element_type=\"container\" data-e-type=\"container\">\n\t\t<div class=\"elementor-element elementor-element-dac13a6 e-con-full e-flex elementor-invisible e-con e-child\" data-id=\"dac13a6\" data-element_type=\"container\" data-e-type=\"container\" data-settings=\"{&quot;animation&quot;:&quot;fadeInLeft&quot;}\">\n\t\t\t\t<div class=\"elementor-element elementor-element-825c199 elementor-widget elementor-widget-heading\" data-id=\"825c199\" data-element_type=\"widget\" data-e-type=\"widget\" data-widget_type=\"heading.default\">\n\t\t\t\t<div class=\"elementor-widget-container\">\n\t\t\t\t\t<p class=\"elementor-heading-title elementor-size-default\">Ahora hay muchos proveedores estupendos pero lo que tu buscas es una persona que piense por ti, alguien que haga un esfuerzo adicional por ti. Alguien que piense en qu\u00e9 casa encaja perfectamente con tus ideas para las vacaciones. No una caja de llaves, sino alguien que ya est\u00e9 esper\u00e1ndote feliz y con ganas e ilusi\u00f3n. Que te reciba personalmente y te ense\u00f1e tu nuevo hogar lejos de casa.      <\/p>\t\t\t\t<\/div>\n\t\t\t\t<\/div>\n\t\t\t\t<div class=\"elementor-element elementor-element-ccee5f2 elementor-widget elementor-widget-heading\" data-id=\"ccee5f2\" data-element_type=\"widget\" data-e-type=\"widget\" data-widget_type=\"heading.default\">\n\t\t\t\t<div class=\"elementor-widget-container\">\n\t\t\t\t\t<p class=\"elementor-heading-title elementor-size-default\">Alguien que te dice d\u00f3nde conseguir los deliciosos comestibles locales o qu\u00e9 restaurante no debes saltarte, porque ah\u00ed es donde comen tambi\u00e9n los lugare\u00f1os. A qui\u00e9n puedes enviar una aplicaci\u00f3n porque quieres alquilar bicicletas o te apetece tomar una clase de yoga en casa. Alguien que conozca la villa que has reservado y te asegure de que todo est\u00e1 en orden. Alguien a quien puedas contactar si hay alg\u00fan problema.    \n<\/p>\t\t\t\t<\/div>\n\t\t\t\t<\/div>\n\t\t\t\t<div class=\"elementor-element elementor-element-1cf1eea elementor-widget elementor-widget-heading\" data-id=\"1cf1eea\" data-element_type=\"widget\" data-e-type=\"widget\" data-widget_type=\"heading.default\">\n\t\t\t\t<div class=\"elementor-widget-container\">\n\t\t\t\t\t<p class=\"elementor-heading-title elementor-size-default\">Un servicio personalizado de alto nivel que te permitir\u00e1 aprovechar al m\u00e1ximo tus vacaciones y despreocuparte. Eso es exactamente lo que hacemos por ti. Estamos a tu disposici\u00f3n 24 horas al d\u00eda, 7 d\u00edas a la semana, desde el momento de la reserva hasta tu regreso a casa.  <\/p>\t\t\t\t<\/div>\n\t\t\t\t<\/div>\n\t\t\t\t<\/div>\n\t\t<div class=\"elementor-element elementor-element-c5522ea e-con-full e-flex elementor-invisible e-con e-child\" data-id=\"c5522ea\" data-element_type=\"container\" data-e-type=\"container\" data-settings=\"{&quot;animation&quot;:&quot;fadeInRight&quot;}\">\n\t\t\t\t<div class=\"elementor-element elementor-element-5683d23 elementor-widget elementor-widget-image\" data-id=\"5683d23\" data-element_type=\"widget\" data-e-type=\"widget\" data-widget_type=\"image.default\">\n\t\t\t\t<div class=\"elementor-widget-container\">\n\t\t\t\t\t\t\t\t\t\t\t\t\t\t\t<img fetchpriority=\"high\" decoding=\"async\" width=\"640\" height=\"427\" src=\"https:\/\/yourfincamallorca.com\/wp-content\/uploads\/2025\/01\/Your-finca-mallorca-WAAROM-YFM-waarom-boeken-bij-YFM-web-scaled.jpg\" class=\"attachment-large size-large wp-image-7139\" alt=\"\" \/>\t\t\t\t\t\t\t\t\t\t\t\t\t\t\t<\/div>\n\t\t\t\t<\/div>\n\t\t\t\t<\/div>\n\t\t\t\t<\/div>\n\t\t\t\t\t<\/div>\n\t\t\t\t<\/div>\n\t\t<div class=\"elementor-element elementor-element-1170d99 e-flex e-con-boxed e-con e-parent\" data-id=\"1170d99\" data-element_type=\"container\" data-e-type=\"container\" data-settings=\"{&quot;background_background&quot;:&quot;classic&quot;}\">\n\t\t\t\t\t<div class=\"e-con-inner\">\n\t\t<div class=\"elementor-element elementor-element-b9082de e-con-full e-flex e-con e-child\" data-id=\"b9082de\" data-element_type=\"container\" data-e-type=\"container\">\n\t\t\t\t<div class=\"elementor-element elementor-element-0981c54 elementor-invisible elementor-widget elementor-widget-heading\" data-id=\"0981c54\" data-element_type=\"widget\" data-e-type=\"widget\" data-settings=\"{&quot;_animation&quot;:&quot;fadeInLeft&quot;}\" data-widget_type=\"heading.default\">\n\t\t\t\t<div class=\"elementor-widget-container\">\n\t\t\t\t\t<h2 class=\"elementor-heading-title elementor-size-default\">LA CARA Y EL MOTOR DE TU FINCA MALLORCA<\/h2>\t\t\t\t<\/div>\n\t\t\t\t<\/div>\n\t\t\t\t<div class=\"elementor-element elementor-element-a52277b elementor-widget elementor-widget-heading\" data-id=\"a52277b\" data-element_type=\"widget\" data-e-type=\"widget\" data-widget_type=\"heading.default\">\n\t\t\t\t<div class=\"elementor-widget-container\">\n\t\t\t\t\t<p class=\"elementor-heading-title elementor-size-default\">Your Finca Mallorca no es un negocio cualquiera; es la realizaci\u00f3n de un sue\u00f1o de Karlien van Opstal. Empresaria independiente desde 2016, apasionada por Mallorca y la hosteler\u00eda, Karlien ha puesto su coraz\u00f3n y su alma en este negocio. <br><br><span style=\"text-align: center\">Lo que diferencia a Karlien de las grandes empresas de Mallorca es su enfoque personal, su profundo conocimiento de la isla y su dedicaci\u00f3n a proporcionar a cada hu\u00e9sped unas vacaciones \u00fanicas y sin preocupaciones.<\/span><br><br><span style=\"text-align: center\">Con una amplia experiencia en el sector de los viajes y la hosteler\u00eda, adquirida en varios pa\u00edses y tras mudarse a Mallorca en 2011, Karlien ha llegado a comprender el panorama completo de la hosteler\u00eda y las experiencias vacacionales. Lo que siempre le ha llamado la atenci\u00f3n durante sus viajes es la importancia de la atenci\u00f3n personal, la atenci\u00f3n al detalle y la prestaci\u00f3n de un servicio m\u00e1s all\u00e1 de la oferta est\u00e1ndar. Estos valores est\u00e1n en el coraz\u00f3n de Your Finca Mallorca.  <\/span><br><span style=\"text-align: center\"><\/span><br><span style=\"text-align: center\">Karlien sabe mejor que nadie que no se trata s\u00f3lo de alquilar una finca, sino de crear una experiencia que supere las expectativas de los hu\u00e9spedes. Como aut\u00e9ntica \u00abanfitriona de Mallorca\u00bb, Karlien se asegura de que sus hu\u00e9spedes disfruten no solo de la villa perfecta, sino tambi\u00e9n de todo lo que la isla tiene que ofrecer. <\/span><span style=\"text-align: center\"><\/span><\/p>\t\t\t\t<\/div>\n\t\t\t\t<\/div>\n\t\t\t\t<\/div>\n\t\t<div class=\"elementor-element elementor-element-7414f58 e-con-full e-flex e-con e-child\" data-id=\"7414f58\" data-element_type=\"container\" data-e-type=\"container\">\n\t\t\t\t<div class=\"elementor-element elementor-element-bf71171 elementor-widget elementor-widget-image\" data-id=\"bf71171\" data-element_type=\"widget\" data-e-type=\"widget\" data-widget_type=\"image.default\">\n\t\t\t\t<div class=\"elementor-widget-container\">\n\t\t\t\t\t\t\t\t\t\t\t\t\t\t\t<img decoding=\"async\" width=\"640\" height=\"959\" src=\"https:\/\/yourfincamallorca.com\/wp-content\/uploads\/2025\/01\/Your-finca-mallorca-WAAROM-YFM\u2013drijvende-kracht-web-scaled.jpg\" class=\"attachment-large size-large wp-image-7145\" alt=\"\" \/>\t\t\t\t\t\t\t\t\t\t\t\t\t\t\t<\/div>\n\t\t\t\t<\/div>\n\t\t\t\t<\/div>\n\t\t\t\t\t<\/div>\n\t\t\t\t<\/div>\n\t\t<div class=\"elementor-element elementor-element-c7ed44d e-flex e-con-boxed e-con e-parent\" data-id=\"c7ed44d\" data-element_type=\"container\" data-e-type=\"container\" data-settings=\"{&quot;background_background&quot;:&quot;classic&quot;}\">\n\t\t\t\t\t<div class=\"e-con-inner\">\n\t\t<div class=\"elementor-element elementor-element-494c045 e-con-full e-flex e-con e-child\" data-id=\"494c045\" data-element_type=\"container\" data-e-type=\"container\">\n\t\t\t\t<div class=\"elementor-element elementor-element-4486763 elementor-invisible elementor-widget elementor-widget-heading\" data-id=\"4486763\" data-element_type=\"widget\" data-e-type=\"widget\" data-settings=\"{&quot;_animation&quot;:&quot;fadeInLeft&quot;,&quot;_animation_mobile&quot;:&quot;none&quot;}\" data-widget_type=\"heading.default\">\n\t\t\t\t<div class=\"elementor-widget-container\">\n\t\t\t\t\t<h2 class=\"elementor-heading-title elementor-size-default\">CONTACTO<\/h2>\t\t\t\t<\/div>\n\t\t\t\t<\/div>\n\t\t\t\t<div class=\"elementor-element elementor-element-54c55eb elementor-invisible elementor-widget elementor-widget-heading\" data-id=\"54c55eb\" data-element_type=\"widget\" data-e-type=\"widget\" data-settings=\"{&quot;_animation&quot;:&quot;fadeInLeft&quot;,&quot;_animation_mobile&quot;:&quot;none&quot;}\" data-widget_type=\"heading.default\">\n\t\t\t\t<div class=\"elementor-widget-container\">\n\t\t\t\t\t<p class=\"elementor-heading-title elementor-size-default\">\u00bfTienes alguna pregunta, sugerencia o desea m\u00e1s informaci\u00f3n? No dudes en ponerte en contacto con nosotros. Estamos dispuestos a ayudarte y a responder a todas tus preguntas.  <\/p>\t\t\t\t<\/div>\n\t\t\t\t<\/div>\n\t\t\t\t<\/div>\n\t\t\t\t<div class=\"elementor-element elementor-element-8f2fd13 elementor-widget elementor-widget-contact-box\" data-id=\"8f2fd13\" data-element_type=\"widget\" data-e-type=\"widget\" data-widget_type=\"contact-box.default\">\n\t\t\t\t<div class=\"elementor-widget-container\">\n\t\t\t\t\t\r\n\r\n            <!-- contact area start -->\r\n            <div class=\"contact-inner__area contact-inner__ptb p-relative tp-el-section\">\r\n               <div class=\"container\">\r\n                  <div class=\"row\">\r\n                     <div class=\"col-xl-11\">\r\n                        <div class=\"row\">\r\n\r\n                           <div class=\"col-xl-9 col-lg-10\">\r\n                              <div class=\"contact-inner__top-section-title-box mb-70\">\r\n\r\n                                                                                             <\/div>\r\n                           <\/div>\r\n\r\n\r\n                                                   <\/div>\r\n                        <div class=\"contact-inner__mail-box mb-90\">\r\n                           <div class=\"row\">\r\n\r\n                           \r\n                                                         <\/div>\r\n                        <\/div>\r\n                     <\/div>\r\n\r\n                     <div class=\"tp-contact-form tp-el-box-input tp-el-box-label tp-el-box-input tp-el-box-tags text-start\">\r\n                                                    \n<div class=\"wpcf7 no-js\" id=\"wpcf7-f13409-o1\" lang=\"es-ES\" dir=\"ltr\" data-wpcf7-id=\"13409\">\n<div class=\"screen-reader-response\"><p role=\"status\" aria-live=\"polite\" aria-atomic=\"true\"><\/p> <ul><\/ul><\/div>\n<form action=\"\/es\/wp-json\/wp\/v2\/pages\/13233#wpcf7-f13409-o1\" method=\"post\" class=\"wpcf7-form init\" aria-label=\"Formulario de contacto\" novalidate=\"novalidate\" data-status=\"init\">\n<fieldset class=\"hidden-fields-container\"><input type=\"hidden\" name=\"_wpcf7\" value=\"13409\" \/><input type=\"hidden\" name=\"_wpcf7_version\" value=\"6.1.5\" \/><input type=\"hidden\" name=\"_wpcf7_locale\" value=\"es_ES\" \/><input type=\"hidden\" name=\"_wpcf7_unit_tag\" value=\"wpcf7-f13409-o1\" \/><input type=\"hidden\" name=\"_wpcf7_container_post\" value=\"0\" \/><input type=\"hidden\" name=\"_wpcf7_posted_data_hash\" value=\"\" \/><input type=\"hidden\" name=\"_wpcf7_recaptcha_response\" value=\"\" \/>\n<\/fieldset>\n<div class=\"rw-dark-form contact-inner__wrapper postbox__area\">\n   <div class=\"postbox__comment-form\">\n      <div class=\"box\">\n         <div class=\"row gx-20\">\n            <div class=\"col-xxl-6 col-xl-6 col-lg-6\">\n               <div class=\"postbox__comment-input mb-35\">\n <span class=\"wpcf7-form-control-wrap\" data-name=\"your-name\"><input size=\"40\" maxlength=\"400\" class=\"wpcf7-form-control wpcf7-text wpcf7-validates-as-required inputText\" aria-required=\"true\" aria-invalid=\"false\" placeholder=\"\" value=\"\" type=\"text\" name=\"your-name\" \/><\/span>\n\n<span class=\"floating-label-2\">Nombre:*<\/span>\n               <\/div>\n            <\/div>\n            <div class=\"col-xxl-6 col-xl-6 col-lg-6\">\n               <div class=\"postbox__comment-input mb-35\">\n                  <span class=\"wpcf7-form-control-wrap\" data-name=\"your-surname\"><input size=\"40\" maxlength=\"400\" class=\"wpcf7-form-control wpcf7-text inputText\" aria-invalid=\"false\" placeholder=\"\" value=\"\" type=\"text\" name=\"your-surname\" \/><\/span>\n                  <span class=\"floating-label-2\">Apellido:<\/span>\n               <\/div>\n            <\/div>\n            <div class=\"col-xxl-12\">\n               <div class=\"postbox__comment-input mb-35\">\n <span class=\"wpcf7-form-control-wrap\" data-name=\"your-email\"><input size=\"40\" maxlength=\"400\" class=\"wpcf7-form-control wpcf7-email wpcf7-validates-as-required wpcf7-text wpcf7-validates-as-email inputText\" aria-required=\"true\" aria-invalid=\"false\" placeholder=\"\" value=\"\" type=\"email\" name=\"your-email\" \/><\/span>\n<span class=\"floating-label-2\">Correo electronico:*<\/span>\n               <\/div>\n            <\/div>\n            <div class=\"col-xxl-12\">\n               <div class=\"postbox__comment-input mb-35\">\n                 <span class=\"wpcf7-form-control-wrap\" data-name=\"your-tel\"><input size=\"40\" maxlength=\"400\" class=\"wpcf7-form-control wpcf7-tel wpcf7-text wpcf7-validates-as-tel inputText\" aria-invalid=\"false\" placeholder=\"\" value=\"\" type=\"tel\" name=\"your-tel\" \/><\/span>\n                  <span class=\"floating-label-2\">N\u00famero de tel\u00e9fono:<\/span>\n               <\/div>\n            <\/div>\n            <div class=\"col-xxl-12\">\n               <div class=\"postbox__comment-input mb-35\">\n <span class=\"wpcf7-form-control-wrap\" data-name=\"your-message\"><textarea cols=\"40\" rows=\"10\" maxlength=\"2000\" class=\"wpcf7-form-control wpcf7-textarea wpcf7-validates-as-required textareaText\" aria-required=\"true\" aria-invalid=\"false\" placeholder=\"\" name=\"your-message\"><\/textarea><\/span>\n<span class=\"floating-label-2\">Tu mensaje:<\/span>\n               <\/div>\n            <\/div>\n            <div class=\"col-xxl-12\">\n                <div class=\"mb-35\">\n                    <span class=\"wpcf7-form-control-wrap\" data-name=\"your-terms\"><span class=\"wpcf7-form-control wpcf7-acceptance\"><span class=\"wpcf7-list-item\"><label><input type=\"checkbox\" name=\"your-terms\" value=\"1\" aria-invalid=\"false\" \/><span class=\"wpcf7-list-item-label\">He le\u00eddo y acepto la <a href=\"https:\/\/yourfincamallorca.com\/privacybeleid\">pol\u00edtica de privacidad.<\/a><\/span><\/label><\/span><\/span><\/span>\n                <\/div>\n            <\/div>\n            <div class=\"col-xxl-12\">\n                <div class=\"mb-35\">\n                    <span class=\"wpcf7-form-control-wrap\" data-name=\"mailjet-opt-in\"><span class=\"wpcf7-form-control wpcf7-checkbox mailjet-checkbox\"><span class=\"wpcf7-list-item first last\"><input type=\"checkbox\" name=\"mailjet-opt-in[]\" value=\"Me gustar\u00eda recibir m\u00e1s informaci\u00f3n sobre las villas y servicios de YFM por correo electr\u00f3nico\" \/><span class=\"wpcf7-list-item-label\">Me gustar\u00eda recibir m\u00e1s informaci\u00f3n sobre las villas y servicios de YFM por correo electr\u00f3nico<\/span><\/span><\/span><\/span>\n                <\/div>\n            <\/div>\n         <\/div>\n      <\/div>\n   <\/div>\n   <div class=\"row\">\n      <div class=\"col-xxl-12\" style=\"padding: 0px\">\n         <div class=\"postbox__comment-btn text-center\">\n            <input class=\"wpcf7-form-control wpcf7-submit has-spinner\" type=\"submit\" value=\"ENVIAR\" \/>\n         <\/div>\n      <\/div>\n   <\/div>\n\n<\/div><div class=\"wpcf7-response-output\" aria-hidden=\"true\"><\/div>\n<\/form>\n<\/div>\n                                            <\/div>\r\n                  <\/div>\r\n               <\/div>\r\n            <\/div>\r\n            <!-- contact area end -->\r\n\r\n        \t\t\t\t<\/div>\n\t\t\t\t<\/div>\n\t\t\t\t\t<\/div>\n\t\t\t\t<\/div>\n\t\t\t\t<\/div>\n\t\t","protected":false},"excerpt":{"rendered":"<p>En Your Finca Mallorca, entendemos que tus vacaciones son un momento precioso, por lo que anteponemos el servicio personal. Rutina matutina, fiambreras y prisas por entrar en el coche&#8230; Tu jefe te llama para ver si ya has organizado esa cosa&#8230;. Tres reuniones agotadoras m\u00e1s tarde y tu d\u00eda a\u00fan no ha empezado&#8230;. \u00bfVuelve a [&hellip;]<\/p>\n","protected":false},"author":1,"featured_media":0,"parent":0,"menu_order":0,"comment_status":"closed","ping_status":"closed","template":"elementor_header_footer","meta":{"_acf_changed":false,"footnotes":""},"class_list":["post-13233","page","type-page","status-publish","hentry"],"acf":[],"_links":{"self":[{"href":"https:\/\/yourfincamallorca.com\/es\/wp-json\/wp\/v2\/pages\/13233","targetHints":{"allow":["GET"]}}],"collection":[{"href":"https:\/\/yourfincamallorca.com\/es\/wp-json\/wp\/v2\/pages"}],"about":[{"href":"https:\/\/yourfincamallorca.com\/es\/wp-json\/wp\/v2\/types\/page"}],"author":[{"embeddable":true,"href":"https:\/\/yourfincamallorca.com\/es\/wp-json\/wp\/v2\/users\/1"}],"replies":[{"embeddable":true,"href":"https:\/\/yourfincamallorca.com\/es\/wp-json\/wp\/v2\/comments?post=13233"}],"version-history":[{"count":4,"href":"https:\/\/yourfincamallorca.com\/es\/wp-json\/wp\/v2\/pages\/13233\/revisions"}],"predecessor-version":[{"id":13421,"href":"https:\/\/yourfincamallorca.com\/es\/wp-json\/wp\/v2\/pages\/13233\/revisions\/13421"}],"wp:attachment":[{"href":"https:\/\/yourfincamallorca.com\/es\/wp-json\/wp\/v2\/media?parent=13233"}],"curies":[{"name":"wp","href":"https:\/\/api.w.org\/{rel}","templated":true}]}}