{"id":13258,"date":"2024-09-02T13:44:12","date_gmt":"2024-09-02T13:44:12","guid":{"rendered":"https:\/\/yourfincamallorca.com\/menciones-legales\/"},"modified":"2025-06-18T09:30:11","modified_gmt":"2025-06-18T09:30:11","slug":"menciones-legales","status":"publish","type":"page","link":"https:\/\/yourfincamallorca.com\/es\/menciones-legales\/","title":{"rendered":"Menciones legales"},"content":{"rendered":"\t\t<div data-elementor-type=\"wp-page\" data-elementor-id=\"13258\" class=\"elementor elementor-13258 elementor-2314\" data-elementor-post-type=\"page\">\n\t\t\t\t<div class=\"elementor-element elementor-element-ab7aaaf e-flex e-con-boxed e-con e-parent\" data-id=\"ab7aaaf\" data-element_type=\"container\" data-e-type=\"container\" data-settings=\"{&quot;background_background&quot;:&quot;classic&quot;}\">\n\t\t\t\t\t<div class=\"e-con-inner\">\n\t\t<div class=\"elementor-element elementor-element-f33da0c e-con-full e-flex e-con e-child\" data-id=\"f33da0c\" data-element_type=\"container\" data-e-type=\"container\">\n\t\t\t\t<div class=\"elementor-element elementor-element-28b77ce elementor-invisible elementor-widget elementor-widget-heading\" data-id=\"28b77ce\" data-element_type=\"widget\" data-e-type=\"widget\" data-settings=\"{&quot;_animation&quot;:&quot;fadeIn&quot;}\" data-widget_type=\"heading.default\">\n\t\t\t\t<div class=\"elementor-widget-container\">\n\t\t\t\t\t<h1 class=\"elementor-heading-title elementor-size-default\">Menciones legales<\/h1>\t\t\t\t<\/div>\n\t\t\t\t<\/div>\n\t\t\t\t<\/div>\n\t\t<div class=\"elementor-element elementor-element-02e259b e-con-full e-flex e-con e-child\" data-id=\"02e259b\" data-element_type=\"container\" data-e-type=\"container\">\n\t\t\t\t<div class=\"elementor-element elementor-element-e414d79 elementor-widget elementor-widget-text-editor\" data-id=\"e414d79\" data-element_type=\"widget\" data-e-type=\"widget\" data-widget_type=\"text-editor.default\">\n\t\t\t\t<div class=\"elementor-widget-container\">\n\t\t\t\t\t\t\t\t\t<p>En cumplimiento de la Ley 34\/2002, de 11 de julio, de Servicios de la Informaci\u00f3n y Comercio Electr\u00f3nico (LSSI CE), <strong>KARLIEN VAN OPSTAL<\/strong> informa que es titular del sitio web.<\/p>\t\t\t\t\t\t\t\t<\/div>\n\t\t\t\t<\/div>\n\t\t\t\t<div class=\"elementor-element elementor-element-7e3a498 elementor-widget elementor-widget-text-editor\" data-id=\"7e3a498\" data-element_type=\"widget\" data-e-type=\"widget\" data-widget_type=\"text-editor.default\">\n\t\t\t\t<div class=\"elementor-widget-container\">\n\t\t\t\t\t\t\t\t\t<ul><li>NOMBRE DE LA EMPRESA: <strong>KARLIEN VAN OPSTAL<\/strong><\/li><li><strong>BTW NUMMER:<\/strong> ESY2278268V<\/li><li><strong>WEBSITE: <\/strong><a href=\"https:\/\/www.yourfincamallorca.com\">www.yourfincamallorca.com<\/a><\/li><li><strong>DIRECCI\u00d3N: <\/strong>Lluis Fabregas 1 4-O, 07014 Palma De Mallorca (Illes Balears)<\/li><li><strong>EMAIL:<\/strong> <a href=\"mailto:info@yourfincamallorca.com\">info@yourfincamallorca.com<\/a><\/li><li><strong>TEL\u00c9FONO:<\/strong> <a href=\"tel:634739021\">+34 634739021<\/a><\/li><\/ul>\t\t\t\t\t\t\t\t<\/div>\n\t\t\t\t<\/div>\n\t\t\t\t<div class=\"elementor-element elementor-element-34fffd5 elementor-widget elementor-widget-text-editor\" data-id=\"34fffd5\" data-element_type=\"widget\" data-e-type=\"widget\" data-widget_type=\"text-editor.default\">\n\t\t\t\t<div class=\"elementor-widget-container\">\n\t\t\t\t\t\t\t\t\t<p>El usuario tiene un perfil en la misma red social y ha decidido unirse a la p\u00e1gina creada por KARLIEN VAN OPSTAL, mostrando inter\u00e9s en la informaci\u00f3n que se publicita en la red. Al hacerse miembro de nuestra p\u00e1gina, da su consentimiento para que tratemos .los datos personales publicados en su perfil.<\/p>\t\t\t\t\t\t\t\t<\/div>\n\t\t\t\t<\/div>\n\t\t\t\t<div class=\"elementor-element elementor-element-5f708b0 elementor-widget elementor-widget-text-editor\" data-id=\"5f708b0\" data-element_type=\"widget\" data-e-type=\"widget\" data-widget_type=\"text-editor.default\">\n\t\t\t\t<div class=\"elementor-widget-container\">\n\t\t\t\t\t\t\t\t\tLos usuarios pueden acceder en cualquier momento a la pol\u00edtica de privacidad de la propia red social y configurar su perfil para garantizar su privacidad.\t\t\t\t\t\t\t\t<\/div>\n\t\t\t\t<\/div>\n\t\t\t\t<div class=\"elementor-element elementor-element-fe4deb2 elementor-widget elementor-widget-text-editor\" data-id=\"fe4deb2\" data-element_type=\"widget\" data-e-type=\"widget\" data-widget_type=\"text-editor.default\">\n\t\t\t\t<div class=\"elementor-widget-container\">\n\t\t\t\t\t\t\t\t\t<p><strong>KARLIEN VAN OPSTAL<\/strong> accede y trata la informaci\u00f3n p\u00fablica de los usuarios, especialmente el nombre de su persona de contacto. Estos datos se utilizan exclusivamente dentro de la propia Red Social. No se incluyen en ning\u00fan sistema de tratamiento.  <\/p>\t\t\t\t\t\t\t\t<\/div>\n\t\t\t\t<\/div>\n\t\t\t\t<div class=\"elementor-element elementor-element-dbd5eef elementor-invisible elementor-widget elementor-widget-heading\" data-id=\"dbd5eef\" data-element_type=\"widget\" data-e-type=\"widget\" data-settings=\"{&quot;_animation&quot;:&quot;fadeInLeft&quot;}\" data-widget_type=\"heading.default\">\n\t\t\t\t<div class=\"elementor-widget-container\">\n\t\t\t\t\t<h2 class=\"elementor-heading-title elementor-size-default\">USUARIO Y R\u00c9GIMEN DE RESPONSABILIDADES<\/h2>\t\t\t\t<\/div>\n\t\t\t\t<\/div>\n\t\t\t\t<div class=\"elementor-element elementor-element-a706d50 elementor-widget elementor-widget-text-editor\" data-id=\"a706d50\" data-element_type=\"widget\" data-e-type=\"widget\" data-widget_type=\"text-editor.default\">\n\t\t\t\t<div class=\"elementor-widget-container\">\n\t\t\t\t\t\t\t\t\t<p>La navegaci\u00f3n, el acceso y la utilizaci\u00f3n del sitio web de <strong>KARLIEN VAN OPSTAL<\/strong> confieren la condici\u00f3n de usuario.<\/p><p>El sitio web de <strong>KARLIEN VAN OPSTAL<\/strong> ofrece gran diversidad de informaci\u00f3n, servicios y datos. El usuario asume su responsabilidad en el uso correcto de la web. Esta responsabilidad se extiende a:  <\/p>\t\t\t\t\t\t\t\t<\/div>\n\t\t\t\t<\/div>\n\t\t\t\t<div class=\"elementor-element elementor-element-cdac6f6 elementor-widget elementor-widget-text-editor\" data-id=\"cdac6f6\" data-element_type=\"widget\" data-e-type=\"widget\" data-widget_type=\"text-editor.default\">\n\t\t\t\t<div class=\"elementor-widget-container\">\n\t\t\t\t\t\t\t\t\t<p>La navegaci\u00f3n, el acceso y el uso del sitio web de <strong>KARLIEN VAN OPSTAL<\/strong> confieren la condici\u00f3n de usuario. El sitio web de <strong>KARLIEN VAN OPSTAL<\/strong> ofrece gran diversidad de informaci\u00f3n, servicios y datos. El usuario asume su responsabilidad en el uso correcto de la web. Dicha responsabilidad se extiende a: La veracidad y licitud de las informaciones aportadas por el usuario en los formularios extendidos por <strong>KARLIEN VAN OPSTAL<\/strong> para el acceso a ciertos contenidos o servicios ofrecidos por el web. El uso de la informaci\u00f3n, servicios y datos ofrecidos por <strong>KARLIEN VAN OPSTAL<\/strong> contrariamente a lo dispuesto por las presentes condiciones, la Ley, la moral, las buenas costumbres o el orden p\u00fablico, o que de cualquier otro modo puedan suponer lesi\u00f3n de los derechos de terceros o del mismo funcionamiento del sitio web.    <\/p>\t\t\t\t\t\t\t\t<\/div>\n\t\t\t\t<\/div>\n\t\t\t\t<div class=\"elementor-element elementor-element-5868ea6 elementor-widget elementor-widget-text-editor\" data-id=\"5868ea6\" data-element_type=\"widget\" data-e-type=\"widget\" data-widget_type=\"text-editor.default\">\n\t\t\t\t<div class=\"elementor-widget-container\">\n\t\t\t\t\t\t\t\t\t<p><strong>KARLIEN VAN OPSTAL<\/strong> tomar\u00e1 las siguientes medidas:<\/p>\t\t\t\t\t\t\t\t<\/div>\n\t\t\t\t<\/div>\n\t\t\t\t<div class=\"elementor-element elementor-element-71f9a1c elementor-widget elementor-widget-text-editor\" data-id=\"71f9a1c\" data-element_type=\"widget\" data-e-type=\"widget\" data-widget_type=\"text-editor.default\">\n\t\t\t\t<div class=\"elementor-widget-container\">\n\t\t\t\t\t\t\t\t\t<p>Acceso a la informaci\u00f3n p\u00fablica del perfil. Publicaci\u00f3n en el perfil de usuario de cualquier informaci\u00f3n ya publicada en la p\u00e1gina de <strong>KARLIEN VAN OPSTAL.<\/strong>  Env\u00ede mensajes personales e individuales a trav\u00e9s de los canales de las redes sociales. Actualizaciones de estado de la p\u00e1gina que se colocar\u00e1n en el perfil del usuario.<\/p>\t\t\t\t\t\t\t\t<\/div>\n\t\t\t\t<\/div>\n\t\t\t\t<div class=\"elementor-element elementor-element-03f27e5 elementor-widget elementor-widget-text-editor\" data-id=\"03f27e5\" data-element_type=\"widget\" data-e-type=\"widget\" data-widget_type=\"text-editor.default\">\n\t\t\t\t<div class=\"elementor-widget-container\">\n\t\t\t\t\t\t\t\t\t<p>El usuario siempre puede gestionar sus conexiones, eliminar los contenidos que ya no le interesan y limitar con qui\u00e9n comparte sus conexiones. Para ello, tiene que acceder a su configuraci\u00f3n de privacidad. <\/p>\t\t\t\t\t\t\t\t<\/div>\n\t\t\t\t<\/div>\n\t\t\t\t<div class=\"elementor-element elementor-element-66bdc02 elementor-invisible elementor-widget elementor-widget-heading\" data-id=\"66bdc02\" data-element_type=\"widget\" data-e-type=\"widget\" data-settings=\"{&quot;_animation&quot;:&quot;fadeInLeft&quot;}\" data-widget_type=\"heading.default\">\n\t\t\t\t<div class=\"elementor-widget-container\">\n\t\t\t\t\t<h2 class=\"elementor-heading-title elementor-size-default\">POL\u00cdTICA DE ENLACES Y DESCARGO DE RESPONSABILIDAD<\/h2>\t\t\t\t<\/div>\n\t\t\t\t<\/div>\n\t\t\t\t<div class=\"elementor-element elementor-element-5e676d1 elementor-widget elementor-widget-text-editor\" data-id=\"5e676d1\" data-element_type=\"widget\" data-e-type=\"widget\" data-widget_type=\"text-editor.default\">\n\t\t\t\t<div class=\"elementor-widget-container\">\n\t\t\t\t\t\t\t\t\t<p><strong>KARLIEN VAN OPSTAL<\/strong> no ser\u00e1 responsable del contenido de las p\u00e1ginas web a las que el usuario acceda a trav\u00e9s de los enlaces que figuran en su p\u00e1gina web, siempre que no tenga conocimiento efectivo de que la actividad o la informaci\u00f3n a la que remite o recomienda es il\u00edcita o lesiona bienes o derechos de un tercero susceptibles de indemnizaci\u00f3n o, si dispone de ella, procure suprimir o inutilizar el enlace correspondiente.<\/p>\t\t\t\t\t\t\t\t<\/div>\n\t\t\t\t<\/div>\n\t\t\t\t<div class=\"elementor-element elementor-element-fcb0bac elementor-widget elementor-widget-text-editor\" data-id=\"fcb0bac\" data-element_type=\"widget\" data-e-type=\"widget\" data-widget_type=\"text-editor.default\">\n\t\t\t\t<div class=\"elementor-widget-container\">\n\t\t\t\t\t\t\t\t\t<p>Se entender\u00e1 que <strong>KARLIEN VAN OPSTAL<\/strong> tiene el conocimiento efectivo a que se refiere el p\u00e1rrafo anterior cuando una autoridad competente haya declarado la ilicitud de los datos, ordenado su retirada o impedido el acceso a los mismos, o se hubiera declarado la existencia de la lesi\u00f3n, y <strong>KARLIEN VAN OPSTAL<\/strong> hubiera tenido conocimiento de la correspondiente resoluci\u00f3n, sin perjuicio de los procedimientos de detecci\u00f3n y retirada de los contenidos que a <strong>KARLIEN VAN OPSTAL le sean de aplicaci\u00f3n en virtud de acuerdos voluntarios y dem\u00e1s medios de conocimiento efectivo que puedan establecerse.<\/strong><\/p>\t\t\t\t\t\t\t\t<\/div>\n\t\t\t\t<\/div>\n\t\t\t\t<div class=\"elementor-element elementor-element-1ee41c8 elementor-widget elementor-widget-text-editor\" data-id=\"1ee41c8\" data-element_type=\"widget\" data-e-type=\"widget\" data-widget_type=\"text-editor.default\">\n\t\t\t\t<div class=\"elementor-widget-container\">\n\t\t\t\t\t\t\t\t\t<p><strong>KARLIEN VAN OPSTAL<\/strong> declara haber adoptado todas las medidas necesarias para evitar cualquier da\u00f1o a los usuarios de su sitio web, que pudieran derivarse de la navegaci\u00f3n por su sitio web. En consecuencia, <strong>KARLIEN VAN OPSTAL<\/strong> no se hace responsable, en ning\u00fan caso, de los eventuales da\u00f1os que por la navegaci\u00f3n por Internet pudiera sufrir el usuario. Asimismo, tampoco garantizar\u00e1 la disponibilidad t\u00e9cnica, exactitud, veracidad, validez o legalidad de p\u00e1ginas ajenas a su propiedad a las que se pueda acceder por medio de los enlaces.  <\/p>\t\t\t\t\t\t\t\t<\/div>\n\t\t\t\t<\/div>\n\t\t\t\t<div class=\"elementor-element elementor-element-57f2c17 elementor-invisible elementor-widget elementor-widget-heading\" data-id=\"57f2c17\" data-element_type=\"widget\" data-e-type=\"widget\" data-settings=\"{&quot;_animation&quot;:&quot;fadeInLeft&quot;}\" data-widget_type=\"heading.default\">\n\t\t\t\t<div class=\"elementor-widget-container\">\n\t\t\t\t\t<h2 class=\"elementor-heading-title elementor-size-default\">MODIFICACIONES<\/h2>\t\t\t\t<\/div>\n\t\t\t\t<\/div>\n\t\t\t\t<div class=\"elementor-element elementor-element-9b20c77 elementor-widget elementor-widget-text-editor\" data-id=\"9b20c77\" data-element_type=\"widget\" data-e-type=\"widget\" data-widget_type=\"text-editor.default\">\n\t\t\t\t<div class=\"elementor-widget-container\">\n\t\t\t\t\t\t\t\t\t<p><strong>KARLIEN VAN OPSTAL<\/strong> se reserva la facultad de efectuar, en cualquier momento y sin necesidad de previo aviso, modificaciones y actualizaciones sobre la informaci\u00f3n contenida en su web o en su configuraci\u00f3n o presentaci\u00f3n. Con el fin de mantener actualizada la informaci\u00f3n publicada, su contenido podr\u00e1 ser modificado, corregido, suprimido o a\u00f1adido en cualquier momento, de cualquier forma permitida por la ley. <\/p>\t\t\t\t\t\t\t\t<\/div>\n\t\t\t\t<\/div>\n\t\t\t\t<div class=\"elementor-element elementor-element-f4b61e3 elementor-invisible elementor-widget elementor-widget-heading\" data-id=\"f4b61e3\" data-element_type=\"widget\" data-e-type=\"widget\" data-settings=\"{&quot;_animation&quot;:&quot;fadeInLeft&quot;}\" data-widget_type=\"heading.default\">\n\t\t\t\t<div class=\"elementor-widget-container\">\n\t\t\t\t\t<h2 class=\"elementor-heading-title elementor-size-default\">INDICACI\u00d3N DEL PRECIO<\/h2>\t\t\t\t<\/div>\n\t\t\t\t<\/div>\n\t\t\t\t<div class=\"elementor-element elementor-element-171d354 elementor-widget elementor-widget-text-editor\" data-id=\"171d354\" data-element_type=\"widget\" data-e-type=\"widget\" data-widget_type=\"text-editor.default\">\n\t\t\t\t<div class=\"elementor-widget-container\">\n\t\t\t\t\t\t\t\t\t<p>Si se muestran precios de productos y\/o servicios, los precios que aparecen en pantalla son los precios aplicables en cada momento. Los precios se indican en euros e incluyen el impuesto sobre el valor a\u00f1adido (IVA). Si el IVA no est\u00e1 incluido en el precio, se indicar\u00e1 expl\u00edcitamente y se mostrar\u00e1 al usuario el precio final completo. Si fuera de aplicaci\u00f3n cualquier otro impuesto, tambi\u00e9n se indicar\u00eda, incluyendo, en su caso, el importe de los incrementos o reducciones aplicables a la oferta y los costes adicionales que pudieran repercutirse al consumidor o usuario.   <\/p>\t\t\t\t\t\t\t\t<\/div>\n\t\t\t\t<\/div>\n\t\t\t\t<div class=\"elementor-element elementor-element-0a32616 elementor-invisible elementor-widget elementor-widget-heading\" data-id=\"0a32616\" data-element_type=\"widget\" data-e-type=\"widget\" data-settings=\"{&quot;_animation&quot;:&quot;fadeInLeft&quot;}\" data-widget_type=\"heading.default\">\n\t\t\t\t<div class=\"elementor-widget-container\">\n\t\t\t\t\t<h2 class=\"elementor-heading-title elementor-size-default\">PROPIEDAD INTELECTUAL E INDUSTRIAL<\/h2>\t\t\t\t<\/div>\n\t\t\t\t<\/div>\n\t\t\t\t<div class=\"elementor-element elementor-element-8a92fa9 elementor-widget elementor-widget-text-editor\" data-id=\"8a92fa9\" data-element_type=\"widget\" data-e-type=\"widget\" data-widget_type=\"text-editor.default\">\n\t\t\t\t<div class=\"elementor-widget-container\">\n\t\t\t\t\t\t\t\t\t<p><strong>KARLIEN VAN OPSTAL<\/strong> es titular por s\u00ed o como cesionaria, de todos los derechos de propiedad intelectual e industrial de su p\u00e1gina web, as\u00ed como de los elementos contenidos en la misma (a t\u00edtulo enunciativo, im\u00e1genes, sonido, audio, v\u00eddeo, software o textos; marcas o logotipos, combinaciones de colores, estructura y dise\u00f1o, selecci\u00f3n de materiales usados, programas de ordenador necesarios para su funcionamiento, acceso y uso, etc.), titularidad de <strong>KARLIEN VAN OPSTAL<\/strong>. Ser\u00e1n, por tanto, obras protegidas como propiedad intelectual por el ordenamiento jur\u00eddico espa\u00f1ol, quedando sometidas tanto a la normativa espa\u00f1ola y comunitaria en la materia, como a los tratados internacionales relacionados con la materia y suscritos por Espa\u00f1a. <\/p>\t\t\t\t\t\t\t\t<\/div>\n\t\t\t\t<\/div>\n\t\t\t\t<div class=\"elementor-element elementor-element-ffe071a elementor-widget elementor-widget-text-editor\" data-id=\"ffe071a\" data-element_type=\"widget\" data-e-type=\"widget\" data-widget_type=\"text-editor.default\">\n\t\t\t\t<div class=\"elementor-widget-container\">\n\t\t\t\t\t\t\t\t\t<p>Todos los derechos reservados. En virtud de lo dispuesto en la Ley de Propiedad Intelectual, quedan expresamente prohibidas la reproducci\u00f3n, la distribuci\u00f3n y la comunicaci\u00f3n p\u00fablica, incluida su modalidad de puesta a disposici\u00f3n, de la totalidad o parte de los contenidos de esta p\u00e1gina web, con fines comerciales, por cualquier medio t\u00e9cnico, sin la autorizaci\u00f3n de <strong>KARLIEN VAN OPSTAL.<\/strong> <\/p>\t\t\t\t\t\t\t\t<\/div>\n\t\t\t\t<\/div>\n\t\t\t\t<div class=\"elementor-element elementor-element-be62740 elementor-widget elementor-widget-text-editor\" data-id=\"be62740\" data-element_type=\"widget\" data-e-type=\"widget\" data-widget_type=\"text-editor.default\">\n\t\t\t\t<div class=\"elementor-widget-container\">\n\t\t\t\t\t\t\t\t\t<p>El usuario se compromete a respetar los derechos de propiedad intelectual e industrial titularidad de <strong>KARLIEN VAN OPSTAL<\/strong>. Podr\u00e1 visualizar los elementos del portal e incluso imprimirlos, copiarlos y almacenarlos en el disco duro de su ordenador o en cualquier otro soporte f\u00edsico siempre y cuando sea, \u00fanica y exclusivamente, para su uso personal y privado. El usuario deber\u00e1 abstenerse de suprimir, alterar, eludir o manipular cualquier dispositivo de seguridad o sistema de seguridad que estuviera instalado en el las p\u00e1ginas de <strong>KARLIEN VAN OPSTAL.<\/strong>  <\/p>\t\t\t\t\t\t\t\t<\/div>\n\t\t\t\t<\/div>\n\t\t\t\t<div class=\"elementor-element elementor-element-6d3e4de elementor-invisible elementor-widget elementor-widget-heading\" data-id=\"6d3e4de\" data-element_type=\"widget\" data-e-type=\"widget\" data-settings=\"{&quot;_animation&quot;:&quot;fadeInLeft&quot;}\" data-widget_type=\"heading.default\">\n\t\t\t\t<div class=\"elementor-widget-container\">\n\t\t\t\t\t<h2 class=\"elementor-heading-title elementor-size-default\">ACCIONES LEGALES, LEY APLICABLE Y JURISDICCI\u00d3N<\/h2>\t\t\t\t<\/div>\n\t\t\t\t<\/div>\n\t\t\t\t<div class=\"elementor-element elementor-element-c91bc17 elementor-widget elementor-widget-text-editor\" data-id=\"c91bc17\" data-element_type=\"widget\" data-e-type=\"widget\" data-widget_type=\"text-editor.default\">\n\t\t\t\t<div class=\"elementor-widget-container\">\n\t\t\t\t\t\t\t\t\t<p>Si el usuario desea presentar una reclamaci\u00f3n, debe ponerse en contacto con nosotros por correo electr\u00f3nico<br><a href=\"mailto:info@uwfincamallorca.com\">info@uwfincamallorca.com.<\/a> Asimismo, <strong>KARLIEN VAN OPSTAL<\/strong> pone a disposici\u00f3n de los consumidores y usuarios hojas de reclamaciones oficiales. <\/p>\t\t\t\t\t\t\t\t<\/div>\n\t\t\t\t<\/div>\n\t\t\t\t<div class=\"elementor-element elementor-element-c14cca3 elementor-widget elementor-widget-text-editor\" data-id=\"c14cca3\" data-element_type=\"widget\" data-e-type=\"widget\" data-widget_type=\"text-editor.default\">\n\t\t\t\t<div class=\"elementor-widget-container\">\n\t\t\t\t\t\t\t\t\t<p><strong>KARLIEN VAN OPSTAL<\/strong> se reserva la facultad de presentar las acciones civiles o penales que considere oportunas por la utilizaci\u00f3n indebida de su sitio web y contenidos, o por el incumplimiento de las presentes condiciones.<\/p>\t\t\t\t\t\t\t\t<\/div>\n\t\t\t\t<\/div>\n\t\t\t\t<div class=\"elementor-element elementor-element-b37e801 elementor-widget elementor-widget-text-editor\" data-id=\"b37e801\" data-element_type=\"widget\" data-e-type=\"widget\" data-widget_type=\"text-editor.default\">\n\t\t\t\t<div class=\"elementor-widget-container\">\n\t\t\t\t\t\t\t\t\t<p>La relaci\u00f3n entre el usuario y el prestador se regir\u00e1 por la normativa vigente y de aplicaci\u00f3n en el territorio espa\u00f1ol. En caso de controversia, las partes podr\u00e1n someter sus conflictos a arbitraje o acudir a la jurisdicci\u00f3n ordinaria, con sujeci\u00f3n a las normas sobre jurisdicci\u00f3n y competencia en la materia. <\/p>\t\t\t\t\t\t\t\t<\/div>\n\t\t\t\t<\/div>\n\t\t\t\t<div class=\"elementor-element elementor-element-3bc071d elementor-widget elementor-widget-text-editor\" data-id=\"3bc071d\" data-element_type=\"widget\" data-e-type=\"widget\" data-widget_type=\"text-editor.default\">\n\t\t\t\t<div class=\"elementor-widget-container\">\n\t\t\t\t\t\t\t\t\t<p><strong>\u00daltima actualizaci\u00f3n:<\/strong> 15 de julio de 2024<\/p>\t\t\t\t\t\t\t\t<\/div>\n\t\t\t\t<\/div>\n\t\t\t\t<\/div>\n\t\t\t\t\t<\/div>\n\t\t\t\t<\/div>\n\t\t\t\t<\/div>\n\t\t","protected":false},"excerpt":{"rendered":"<p>En cumplimiento de la Ley 34\/2002, de 11 de julio, de Servicios de la Informaci\u00f3n y Comercio Electr\u00f3nico (LSSI CE), KARLIEN VAN OPSTAL informa que es titular del sitio web. NOMBRE DE LA EMPRESA: KARLIEN VAN OPSTAL BTW NUMMER: ESY2278268V WEBSITE: www.yourfincamallorca.com DIRECCI\u00d3N: Lluis Fabregas 1 4-O, 07014 Palma De Mallorca (Illes Balears) EMAIL: info@yourfincamallorca.com [&hellip;]<\/p>\n","protected":false},"author":1,"featured_media":0,"parent":0,"menu_order":0,"comment_status":"closed","ping_status":"closed","template":"elementor_header_footer","meta":{"_acf_changed":false,"footnotes":""},"class_list":["post-13258","page","type-page","status-publish","hentry"],"acf":[],"_links":{"self":[{"href":"https:\/\/yourfincamallorca.com\/es\/wp-json\/wp\/v2\/pages\/13258","targetHints":{"allow":["GET"]}}],"collection":[{"href":"https:\/\/yourfincamallorca.com\/es\/wp-json\/wp\/v2\/pages"}],"about":[{"href":"https:\/\/yourfincamallorca.com\/es\/wp-json\/wp\/v2\/types\/page"}],"author":[{"embeddable":true,"href":"https:\/\/yourfincamallorca.com\/es\/wp-json\/wp\/v2\/users\/1"}],"replies":[{"embeddable":true,"href":"https:\/\/yourfincamallorca.com\/es\/wp-json\/wp\/v2\/comments?post=13258"}],"version-history":[{"count":1,"href":"https:\/\/yourfincamallorca.com\/es\/wp-json\/wp\/v2\/pages\/13258\/revisions"}],"predecessor-version":[{"id":13259,"href":"https:\/\/yourfincamallorca.com\/es\/wp-json\/wp\/v2\/pages\/13258\/revisions\/13259"}],"wp:attachment":[{"href":"https:\/\/yourfincamallorca.com\/es\/wp-json\/wp\/v2\/media?parent=13258"}],"curies":[{"name":"wp","href":"https:\/\/api.w.org\/{rel}","templated":true}]}}